{"id":19,"date":"2025-02-15T18:17:22","date_gmt":"2025-02-15T17:17:22","guid":{"rendered":"https:\/\/www.equy-cany.com\/?page_id=19"},"modified":"2026-01-20T15:10:49","modified_gmt":"2026-01-20T14:10:49","slug":"mes-prestations","status":"publish","type":"page","link":"https:\/\/www.equy-cany.com\/index.php\/mes-prestations\/","title":{"rendered":"Mes prestations"},"content":{"rendered":"\n<div class=\"wp-block-columns is-layout-flex wp-container-core-columns-is-layout-28f84493 wp-block-columns-is-layout-flex\">\n<div class=\"wp-block-column is-layout-flow wp-block-column-is-layout-flow\">\n<div class=\"wp-block-columns is-layout-flex wp-container-core-columns-is-layout-28f84493 wp-block-columns-is-layout-flex\">\n<div class=\"wp-block-column is-layout-flow wp-block-column-is-layout-flow\">\n<p>Avant de r\u00e9server un bilan comportemental, je te propose un appel d\u00e9couverte afin de v\u00e9rifier que je corresponds bien \u00e0 tes attentes et la probl\u00e9matique.<\/p>\n\n\n\n<h2 class=\"wp-block-heading\">Bilan comportemental      80\u20ac<\/h2>\n<\/div>\n<\/div>\n<\/div>\n<\/div>\n\n\n\n<div class=\"wp-block-group has-global-padding is-layout-constrained wp-block-group-is-layout-constrained\">\n<p class=\"has-contrast-light-background-color has-background\">C&rsquo;est une \u00e9tape cl\u00e9 pour comprendre les comportements de ton cheval ou de ton chien. Il permet d&rsquo;identifier les probl\u00e9matiques, d&rsquo;analyser les causes et les facteurs d\u00e9clencheurs.<br>Lors de cette s\u00e9ance de 2h \u00e0 ton domicile (ou \u00e0 la pension de ton cheval), j&rsquo;observe l&rsquo;environnement de ton animal et nous \u00e9changeons ensemble afin de comprendre le pourquoi du comment.<br><br>Pour des probl\u00e9matiques particuli\u00e8res, je peux demander \u00e0 aller en balade ou dans l&rsquo;endroit qui semble compliqu\u00e9, afin de voir l&rsquo;animal dans la situation qui pose probl\u00e8me, \u00e9videment toujours dans votre respect \u00e0 tous les deux et en restant \u00e0 l&rsquo;\u00e9coute si cela devient trop compliqu\u00e9. <\/p>\n<\/div>\n\n\n\n<h2 class=\"wp-block-heading\">S\u00e9ance de suivi      50\u20ac<\/h2>\n\n\n\n<p class=\"has-contrast-light-background-color has-background\">Suite au bilan comportemental, je te propose des s\u00e9ances de suivi pour t&rsquo;accompagner dans la r\u00e9\u00e9ducation de ton cheval ou de ton chien. <br>Elles permettent de continuer le travail sur la probl\u00e9matique principale et de r\u00e9pondre \u00e0 tes questions \/ doutes au fil de l&rsquo;\u00e9volution. <\/p>\n\n\n\n<h2 class=\"wp-block-heading\">Les Packs<\/h2>\n\n\n\n<p class=\"has-contrast-light-background-color has-background\">Pour un suivi sur le long terme, je propose des packs adapt\u00e9s \u00e0 tes besoins :<br><\/p>\n\n\n\n<figure class=\"wp-block-image size-full\"><img loading=\"lazy\" decoding=\"async\" width=\"295\" height=\"428\" src=\"https:\/\/www.equy-cany.com\/wp-content\/uploads\/2026\/01\/Screenshot-2026-01-20-15.10.10.png\" alt=\"\" class=\"wp-image-140\" srcset=\"https:\/\/www.equy-cany.com\/wp-content\/uploads\/2026\/01\/Screenshot-2026-01-20-15.10.10.png 295w, https:\/\/www.equy-cany.com\/wp-content\/uploads\/2026\/01\/Screenshot-2026-01-20-15.10.10-207x300.png 207w\" sizes=\"auto, (max-width: 295px) 100vw, 295px\" \/><\/figure>\n\n\n\n<div class=\"wp-block-columns is-layout-flex wp-container-core-columns-is-layout-28f84493 wp-block-columns-is-layout-flex\">\n<div class=\"wp-block-column is-layout-flow wp-block-column-is-layout-flow\" style=\"flex-basis:100%\">\n<figure class=\"wp-block-table\"><table class=\"has-fixed-layout\"><tbody><tr><td>PRESTATIONS<\/td><td class=\"has-text-align-center\" data-align=\"center\">ZONE A<\/td><td class=\"has-text-align-center\" data-align=\"center\">ZONE B<\/td><td class=\"has-text-align-center\" data-align=\"center\">ZONE C<\/td><\/tr><tr><td>BILAN<\/td><td class=\"has-text-align-center\" data-align=\"center\">80\u20ac<\/td><td class=\"has-text-align-center\" data-align=\"center\">85\u20ac<\/td><td class=\"has-text-align-center\" data-align=\"center\">90\u20ac<\/td><\/tr><tr><td>BILAN + 3 s\u00e9ances<\/td><td class=\"has-text-align-center\" data-align=\"center\">210\u20ac<\/td><td class=\"has-text-align-center\" data-align=\"center\">230\u20ac<\/td><td class=\"has-text-align-center\" data-align=\"center\">280\u20ac<\/td><\/tr><tr><td>BILAN + 5 s\u00e9ances<\/td><td class=\"has-text-align-center\" data-align=\"center\">300\u20ac<\/td><td class=\"has-text-align-center\" data-align=\"center\">330\u20ac<\/td><td class=\"has-text-align-center\" data-align=\"center\">410\u20ac<\/td><\/tr><tr><td>Bilan + 8 s\u00e9ances<\/td><td class=\"has-text-align-center\" data-align=\"center\">430\u20ac<\/td><td class=\"has-text-align-center\" data-align=\"center\">475\u20ac<\/td><td class=\"has-text-align-center\" data-align=\"center\">570\u20ac<\/td><\/tr><\/tbody><\/table><\/figure>\n<\/div>\n<\/div>\n\n\n\n<p><\/p>\n\n\n\n<p><strong>Une question ? Un doute ?<\/strong> N&rsquo;h\u00e9site pas \u00e0 me contacter pour en discuter, je serai ravie de t&rsquo;aider !<\/p>\n\n\n\n<div class=\"wp-block-buttons is-layout-flex wp-block-buttons-is-layout-flex\">\n<div class=\"wp-block-button\"><a class=\"wp-block-button__link wp-element-button\" href=\"https:\/\/www.equy-cany.com\/index.php\/contactez-moi\/\">Contacte-moi !<\/a><\/div>\n<\/div>\n\n\n\n<figure class=\"wp-block-image size-large\"><img loading=\"lazy\" decoding=\"async\" width=\"768\" height=\"1024\" src=\"http:\/\/www.equy-cany.com\/wp-content\/uploads\/2025\/02\/IMG_2378-768x1024.jpg\" alt=\"\" class=\"wp-image-78\" style=\"aspect-ratio:4\/3;object-fit:cover\" srcset=\"https:\/\/www.equy-cany.com\/wp-content\/uploads\/2025\/02\/IMG_2378-768x1024.jpg 768w, https:\/\/www.equy-cany.com\/wp-content\/uploads\/2025\/02\/IMG_2378-225x300.jpg 225w, https:\/\/www.equy-cany.com\/wp-content\/uploads\/2025\/02\/IMG_2378-1152x1536.jpg 1152w, https:\/\/www.equy-cany.com\/wp-content\/uploads\/2025\/02\/IMG_2378.jpg 1468w\" sizes=\"auto, (max-width: 768px) 100vw, 768px\" \/><\/figure>\n\n\n\n<p><\/p>\n","protected":false},"excerpt":{"rendered":"<p>Avant de r\u00e9server un bilan comportemental, je te propose un appel d\u00e9couverte afin de v\u00e9rifier que je corresponds bien \u00e0 tes attentes et la probl\u00e9matique. Bilan comportemental 80\u20ac C&rsquo;est une \u00e9tape cl\u00e9 pour comprendre les comportements de ton cheval ou de ton chien. Il permet d&rsquo;identifier les probl\u00e9matiques, d&rsquo;analyser les causes et les facteurs d\u00e9clencheurs.Lors [&hellip;]<\/p>\n","protected":false},"author":1,"featured_media":0,"parent":0,"menu_order":0,"comment_status":"closed","ping_status":"closed","template":"","meta":{"footnotes":""},"class_list":["post-19","page","type-page","status-publish","hentry"],"_links":{"self":[{"href":"https:\/\/www.equy-cany.com\/index.php\/wp-json\/wp\/v2\/pages\/19","targetHints":{"allow":["GET"]}}],"collection":[{"href":"https:\/\/www.equy-cany.com\/index.php\/wp-json\/wp\/v2\/pages"}],"about":[{"href":"https:\/\/www.equy-cany.com\/index.php\/wp-json\/wp\/v2\/types\/page"}],"author":[{"embeddable":true,"href":"https:\/\/www.equy-cany.com\/index.php\/wp-json\/wp\/v2\/users\/1"}],"replies":[{"embeddable":true,"href":"https:\/\/www.equy-cany.com\/index.php\/wp-json\/wp\/v2\/comments?post=19"}],"version-history":[{"count":16,"href":"https:\/\/www.equy-cany.com\/index.php\/wp-json\/wp\/v2\/pages\/19\/revisions"}],"predecessor-version":[{"id":141,"href":"https:\/\/www.equy-cany.com\/index.php\/wp-json\/wp\/v2\/pages\/19\/revisions\/141"}],"wp:attachment":[{"href":"https:\/\/www.equy-cany.com\/index.php\/wp-json\/wp\/v2\/media?parent=19"}],"curies":[{"name":"wp","href":"https:\/\/api.w.org\/{rel}","templated":true}]}}