{"id":23,"date":"2025-02-15T18:21:44","date_gmt":"2025-02-15T17:21:44","guid":{"rendered":"https:\/\/www.equy-cany.com\/?page_id=23"},"modified":"2025-02-18T07:24:22","modified_gmt":"2025-02-18T06:24:22","slug":"mes-formations","status":"publish","type":"page","link":"https:\/\/www.equy-cany.com\/index.php\/mes-formations\/","title":{"rendered":"Mes formations"},"content":{"rendered":"\n<div class=\"wp-block-media-text is-stacked-on-mobile\"><figure class=\"wp-block-media-text__media\"><img loading=\"lazy\" decoding=\"async\" width=\"1024\" height=\"699\" src=\"http:\/\/www.equy-cany.com\/wp-content\/uploads\/2025\/02\/Screenshot-2025-02-15-18.31.40-1024x699.png\" alt=\"\" class=\"wp-image-36 size-full\" srcset=\"https:\/\/www.equy-cany.com\/wp-content\/uploads\/2025\/02\/Screenshot-2025-02-15-18.31.40-1024x699.png 1024w, https:\/\/www.equy-cany.com\/wp-content\/uploads\/2025\/02\/Screenshot-2025-02-15-18.31.40-300x205.png 300w, https:\/\/www.equy-cany.com\/wp-content\/uploads\/2025\/02\/Screenshot-2025-02-15-18.31.40-768x524.png 768w, https:\/\/www.equy-cany.com\/wp-content\/uploads\/2025\/02\/Screenshot-2025-02-15-18.31.40.png 1278w\" sizes=\"auto, (max-width: 1024px) 100vw, 1024px\" \/><\/figure><div class=\"wp-block-media-text__content\">\n<p>J&rsquo;ai suivi une formation d&rsquo;un an avec AnimHo pour devenir comportementaliste \u00e9quin et canin.<br>Cette formation approfondie couvre:<\/p>\n\n\n\n<ul class=\"wp-block-list\">\n<li>les principales cat\u00e9gories comportementales propres \u00e0 chaque esp\u00e8ce<\/li>\n\n\n\n<li>les m\u00e9canismes d&rsquo;apprentissages<\/li>\n\n\n\n<li>les comportements ind\u00e9sirables rencontr\u00e9s par les propri\u00e9taires<\/li>\n\n\n\n<li>l&rsquo;analyse des causes et facteurs d\u00e9clencheurs des comportements<\/li>\n\n\n\n<li>la mise en place de solutions adapt\u00e9es pour am\u00e9liorer la relation entre l&rsquo;animal et son gardien<\/li>\n<\/ul>\n\n\n\n<p>Pour valider ma formation, j&rsquo;ai r\u00e9dig\u00e9 un m\u00e9moire ainsi que plusieurs examens. Mon m\u00e9moire portait sur un sujet essentiel en \u00e9ducation canine : \u00ab\u00a0La museli\u00e8re : maltraitance banalis\u00e9e ou outil de r\u00e9\u00e9ducation comportementale s\u00e9curitaire ?\u00a0\u00bb<\/p>\n\n\n\n<p>Gr\u00e2ce \u00e0 cette formation, je peux t&rsquo;accompagner avec des m\u00e9thodes respectueuses et adapt\u00e9es aux besoins de ton cheval ou ton chien. <\/p>\n<\/div><\/div>\n\n\n\n<div class=\"wp-block-group has-global-padding is-layout-constrained wp-block-group-is-layout-constrained\">\n<div data-wp-interactive=\"core\/file\" class=\"wp-block-file\"><object data-wp-bind--hidden=\"!state.hasPdfPreview\" hidden class=\"wp-block-file__embed\" data=\"https:\/\/www.equy-cany.com\/wp-content\/uploads\/2025\/02\/la-museliere-1.pdf\" type=\"application\/pdf\" style=\"width:100%;height:600px\" aria-label=\"PDF embarqu\u00e9\"><\/object><a href=\"https:\/\/www.equy-cany.com\/wp-content\/uploads\/2025\/02\/la-museliere-1.pdf\" class=\"wp-block-file__button wp-element-button\" download>La museli\u00e8re<\/a><\/div>\n<\/div>\n\n\n\n<div class=\"wp-block-media-text is-stacked-on-mobile\"><figure class=\"wp-block-media-text__media\"><img loading=\"lazy\" decoding=\"async\" width=\"443\" height=\"623\" src=\"https:\/\/www.equy-cany.com\/wp-content\/uploads\/2025\/02\/Screenshot-2025-02-15-18.43.10.png\" alt=\"\" class=\"wp-image-38 size-full\" srcset=\"https:\/\/www.equy-cany.com\/wp-content\/uploads\/2025\/02\/Screenshot-2025-02-15-18.43.10.png 443w, https:\/\/www.equy-cany.com\/wp-content\/uploads\/2025\/02\/Screenshot-2025-02-15-18.43.10-213x300.png 213w\" sizes=\"auto, (max-width: 443px) 100vw, 443px\" \/><\/figure><div class=\"wp-block-media-text__content\">\n<p>ACACED : Attestation de Connaissances pour les Animaux de Compagnie d&rsquo;Esp\u00e8ces Domestiques.<br>Attestation pass\u00e9e et valid\u00e9e, obligatoire pour travailler avec les animaux de compagnie, ici pour les chiens sp\u00e9cifiquement.<\/p>\n<\/div><\/div>\n\n\n\n<div class=\"wp-block-media-text is-stacked-on-mobile\"><figure class=\"wp-block-media-text__media\"><img loading=\"lazy\" decoding=\"async\" width=\"1024\" height=\"724\" src=\"https:\/\/www.equy-cany.com\/wp-content\/uploads\/2025\/02\/Tara-Leroux-1024x724.png\" alt=\"\" class=\"wp-image-39 size-full\" srcset=\"https:\/\/www.equy-cany.com\/wp-content\/uploads\/2025\/02\/Tara-Leroux-1024x724.png 1024w, https:\/\/www.equy-cany.com\/wp-content\/uploads\/2025\/02\/Tara-Leroux-300x212.png 300w, https:\/\/www.equy-cany.com\/wp-content\/uploads\/2025\/02\/Tara-Leroux-768x543.png 768w, https:\/\/www.equy-cany.com\/wp-content\/uploads\/2025\/02\/Tara-Leroux-1536x1086.png 1536w, https:\/\/www.equy-cany.com\/wp-content\/uploads\/2025\/02\/Tara-Leroux.png 2048w\" sizes=\"auto, (max-width: 1024px) 100vw, 1024px\" \/><\/figure><div class=\"wp-block-media-text__content\">\n<p>Certificat \u00ab\u00a0Aventure R\u00e9activit\u00e9\u00a0\u00bb chez Crowaf<br>Cours en ligne sur la r\u00e9activit\u00e9 canine, avec des vid\u00e9os et photos afin de comprendre la complexit\u00e9 de ces comportements.<br>Aide \u00e0 la prise en charge des chiens, mais aussi de leur propri\u00e9taire.<\/p>\n<\/div><\/div>\n\n\n\n<div class=\"wp-block-media-text is-stacked-on-mobile\"><figure class=\"wp-block-media-text__media\"><img loading=\"lazy\" decoding=\"async\" width=\"441\" height=\"637\" src=\"https:\/\/www.equy-cany.com\/wp-content\/uploads\/2025\/02\/Screenshot-2025-02-15-18.50.11.png\" alt=\"\" class=\"wp-image-40 size-full\" srcset=\"https:\/\/www.equy-cany.com\/wp-content\/uploads\/2025\/02\/Screenshot-2025-02-15-18.50.11.png 441w, https:\/\/www.equy-cany.com\/wp-content\/uploads\/2025\/02\/Screenshot-2025-02-15-18.50.11-208x300.png 208w\" sizes=\"auto, (max-width: 441px) 100vw, 441px\" \/><\/figure><div class=\"wp-block-media-text__content\">\n<p>Formation \u00ab\u00a0Impact R\u00e9activit\u00e9\u00a0\u00bb chez Cynotopia<br>Tout comme chez Crowaf, ce sont des cours \u00e9crits et des vid\u00e9os sur la r\u00e9activit\u00e9 canine, pour la comprendre et r\u00e9ussir \u00e0 la prendre en charge chez les chiens mais aussi les propri\u00e9taires.<br>Divers exercices sont propos\u00e9s afin qu&rsquo;au bout de plusieurs mois, la r\u00e9activit\u00e9 est diminu\u00e9 et que le chien soit plus serein en ext\u00e9rieur.<\/p>\n<\/div><\/div>\n","protected":false},"excerpt":{"rendered":"<p>ACACED : Attestation de Connaissances pour les Animaux de Compagnie d&rsquo;Esp\u00e8ces Domestiques.Attestation pass\u00e9e et valid\u00e9e, obligatoire pour travailler avec les animaux de compagnie, ici pour les chiens sp\u00e9cifiquement. Certificat \u00ab\u00a0Aventure R\u00e9activit\u00e9\u00a0\u00bb chez CrowafCours en ligne sur la r\u00e9activit\u00e9 canine, avec des vid\u00e9os et photos afin de comprendre la complexit\u00e9 de ces comportements.Aide \u00e0 la prise [&hellip;]<\/p>\n","protected":false},"author":1,"featured_media":0,"parent":0,"menu_order":0,"comment_status":"closed","ping_status":"closed","template":"","meta":{"footnotes":""},"class_list":["post-23","page","type-page","status-publish","hentry"],"_links":{"self":[{"href":"https:\/\/www.equy-cany.com\/index.php\/wp-json\/wp\/v2\/pages\/23","targetHints":{"allow":["GET"]}}],"collection":[{"href":"https:\/\/www.equy-cany.com\/index.php\/wp-json\/wp\/v2\/pages"}],"about":[{"href":"https:\/\/www.equy-cany.com\/index.php\/wp-json\/wp\/v2\/types\/page"}],"author":[{"embeddable":true,"href":"https:\/\/www.equy-cany.com\/index.php\/wp-json\/wp\/v2\/users\/1"}],"replies":[{"embeddable":true,"href":"https:\/\/www.equy-cany.com\/index.php\/wp-json\/wp\/v2\/comments?post=23"}],"version-history":[{"count":10,"href":"https:\/\/www.equy-cany.com\/index.php\/wp-json\/wp\/v2\/pages\/23\/revisions"}],"predecessor-version":[{"id":135,"href":"https:\/\/www.equy-cany.com\/index.php\/wp-json\/wp\/v2\/pages\/23\/revisions\/135"}],"wp:attachment":[{"href":"https:\/\/www.equy-cany.com\/index.php\/wp-json\/wp\/v2\/media?parent=23"}],"curies":[{"name":"wp","href":"https:\/\/api.w.org\/{rel}","templated":true}]}}