{"id":87,"date":"2025-02-16T09:12:39","date_gmt":"2025-02-16T08:12:39","guid":{"rendered":"https:\/\/www.equy-cany.com\/?page_id=87"},"modified":"2025-02-22T09:14:17","modified_gmt":"2025-02-22T08:14:17","slug":"cgv-conditions-generales-de-vente","status":"publish","type":"page","link":"https:\/\/www.equy-cany.com\/index.php\/cgv-conditions-generales-de-vente\/","title":{"rendered":"CGV &#8211; Conditions G\u00e9n\u00e9rales de Vente"},"content":{"rendered":"\n<ol class=\"wp-block-list\">\n<li>Informations sur le vendeur<\/li>\n<\/ol>\n\n\n\n<p>Entreprise : Equy-Cany &#8211; Tara Leroux<\/p>\n\n\n\n<p>SIRET: 938 099 108 00012<\/p>\n\n\n\n<p>SIREN: 938 099 108<\/p>\n\n\n\n<p>Statut juridique: Auto-entrepreneur&nbsp;<\/p>\n\n\n\n<p>Adresse: Pont Ar Zall, 29400 Lampaul-Guimiliau, France<\/p>\n\n\n\n<p>Contact: <a href=\"mailto:equy.cany@gmail.com\">equy.cany@gmail.com<\/a> \/ 0761369546<\/p>\n\n\n\n<ol start=\"2\" class=\"wp-block-list\">\n<li>Description des produits et services&nbsp;<\/li>\n<\/ol>\n\n\n\n<p>Equy-Cany &#8211; Tara Leroux propose des bilans comportementaux et s\u00e9ances de suivi (en pr\u00e9sentiel) relatifs \u00e0 l\u2019\u00e9ducation des chevaux et des chiens.<\/p>\n\n\n\n<p>Prix: les tarifs de chaque prestation et service sont affich\u00e9s sur le site ainsi que sur les r\u00e9seaux sociaux.<\/p>\n\n\n\n<ol start=\"3\" class=\"wp-block-list\">\n<li>Modalit\u00e9s de paiement&nbsp;<\/li>\n<\/ol>\n\n\n\n<p>Le paiement s\u2019effectue en euros (\u20ac), via virement bancaire ou autres m\u00e9thodes de paiement disponibles. Une facture papier ou num\u00e9rique sera envoy\u00e9e au client lors du paiement int\u00e9gral de la prestation.<\/p>\n\n\n\n<p>La totalit\u00e9 de la prestation doit \u00eatre pay\u00e9e au plus tard le jour de sa r\u00e9alisation, son paiement vaut l&rsquo;acceptation des CGV.<\/p>\n\n\n\n<p>En cas de non paiement de la prestation au plus tard le jour de sa r\u00e9alisation, des p\u00e9nalit\u00e9s de retard pourront \u00eatre appliqu\u00e9es, calcul\u00e9es sur la base du taux l\u00e9gal en vigueur.&nbsp;<\/p>\n\n\n\n<ol start=\"4\" class=\"wp-block-list\">\n<li>Processus de commande et livraison&nbsp;<\/li>\n<\/ol>\n\n\n\n<p>Une fois la commande valid\u00e9e et le paiement effectu\u00e9, l\u2019acheteur re\u00e7oit un email ou sms de confirmation avec les services command\u00e9s.<\/p>\n\n\n\n<p>Les bilans comportementaux et s\u00e9ances de suivi en pr\u00e9sentiel ou \u00e0 distance peuvent \u00eatre planifi\u00e9s directement par message ou email.&nbsp;<\/p>\n\n\n\n<p>Le cours peut \u00eatre annul\u00e9 jusqu\u2019\u00e0 12 heures avant, sauf en cas d\u2019urgence (exemple: accident, probl\u00e8me m\u00e9dical).<\/p>\n\n\n\n<p>Zone de d\u00e9placement: tout le Finist\u00e8re.<\/p>\n\n\n\n<p>Frais de d\u00e9placement:<\/p>\n\n\n\n<ul class=\"wp-block-list\">\n<li>pour un d\u00e9placement de 0 \u00e0 15 km depuis Lampaul-Guimiliau: gratuit<\/li>\n\n\n\n<li>pour un d\u00e9placement au-del\u00e0 de 15 km: 0,45\u20ac par km<\/li>\n<\/ul>\n\n\n\n<p>Les frais de d\u00e9placement seront pr\u00e9cis\u00e9s lors de la confirmation de s\u00e9ance et sont calcul\u00e9s sur la base d\u2019un trajet aller-retour depuis Lampaul-Guimiliau.&nbsp;<\/p>\n\n\n\n<ol start=\"5\" class=\"wp-block-list\">\n<li>Droit de r\u00e9tractation&nbsp;<\/li>\n<\/ol>\n\n\n\n<p>Conform\u00e9ment \u00e0 la l\u00e9gislation fran\u00e7aise, nous accusons r\u00e9ception de votre demande de r\u00e9tractation dans un d\u00e9lai de 48 heures ouvr\u00e9es et proc\u00e9dons au remboursement dans un d\u00e9lai maximal de 15 jours pour les prestations si ceux-ci n\u2019ont pas commenc\u00e9.<\/p>\n\n\n\n<p>Pour exercer son droit de r\u00e9tractation, un \u00e9mail ou un message permet de le faire.<\/p>\n\n\n\n<ol start=\"6\" class=\"wp-block-list\">\n<li>Propri\u00e9t\u00e9 intellectuelle&nbsp;<\/li>\n<\/ol>\n\n\n\n<p>Tous les contenus y compris textes, images, vid\u00e9os et documents, cr\u00e9\u00e9s par Equy-Cany &#8211; Tara Leroux sont prot\u00e9g\u00e9s par des droits d\u2019auteur et d\u2019autres lois sur la propri\u00e9t\u00e9 intellectuelle. Toute reproduction, repr\u00e9sentation ou distribution, m\u00eame partielle, est strictement interdite sans l&rsquo;autorisation pr\u00e9alable \u00e9crite d\u2019Equy-Cany.&nbsp;<\/p>\n\n\n\n<p>Les contenus publi\u00e9s sur le site ou les r\u00e9seaux sociaux de Equy-Cany &#8211; Tara Leroux sont \u00e9galement prot\u00e9g\u00e9s par les lois sur la propri\u00e9t\u00e9 intellectuelle. Toute utilisation non autoris\u00e9e de ces contenus est strictement interdite.<\/p>\n\n\n\n<p>Les clients peuvent utiliser les connaissances acquises \u00e0 travers les services et contenus pour leur usage personnel, mais toute r\u00e9utilisation \u00e0 des fins commerciales ou p\u00e9dagogiques doit \u00eatre faite avec respect des droits d\u2019auteurs et des sources d\u2019origines.<\/p>\n\n\n\n<ol start=\"7\" class=\"wp-block-list\">\n<li>Politique de remboursement&nbsp;<\/li>\n<\/ol>\n\n\n\n<p>Si Equy-Cany &#8211; Tara Leroux doit annuler une s\u00e9ance, celle-ci sera reprogramm\u00e9e \u00e0 une nouvelle date convenue na\u00eetre les deux parties. Les frais de d\u00e9placement d\u00e9j\u00e0 engag\u00e9s ne sont pas remboursables, sauf si l\u2019annulation est \u00e0 l\u2019initiative d\u2019Equy-Cany &#8211; Tara Leroux.<\/p>\n\n\n\n<p>Si le client souhaite annuler sa s\u00e9ance, il doit le faire au moins 12 heures \u00e0 l\u2019avance. Pass\u00e9 ce d\u00e9lai, aucun remboursement ne sera effectu\u00e9, sauf cas de force majeure justifi\u00e9 par le client (accident, probl\u00e8me m\u00e9dical).<\/p>\n\n\n\n<p>Si le client ne souhaite pas reprogrammer la s\u00e9ance, un remboursement sera effectu\u00e9. Les remboursements seront trait\u00e9s dans un d\u00e9lai de 15 jours \u00e0 compter de la date d&rsquo;annulation ou de la s\u00e9ance annul\u00e9e.<\/p>\n\n\n\n<ol start=\"8\" class=\"wp-block-list\">\n<li>Limitation de responsabilit\u00e9&nbsp;<\/li>\n<\/ol>\n\n\n\n<p>Equy-Cany &#8211; Tara Leroux d\u00e9cline toute responsabilit\u00e9 en cas de dommages r\u00e9sultant d\u2019une mauvaise application des conseils ou m\u00e9thodes enseign\u00e9es. Equy-Cany &#8211; Tara Leroux ne pourra \u00eatre tenu responsable des comportements impr\u00e9visibles ou des probl\u00e8mes de sant\u00e9 des animaux ayant suivi les s\u00e9ances.<\/p>\n\n\n\n<p>La responsabilit\u00e9 reste limit\u00e9e aux dommages directs r\u00e9sultant d\u2019une faute av\u00e9r\u00e9e de notre part.<\/p>\n\n\n\n<p>Chaque animal est unique et les r\u00e9sultats peuvent varier.&nbsp;<\/p>\n\n\n\n<ol start=\"9\" class=\"wp-block-list\">\n<li>M\u00e9diation et r\u00e8glement des litiges<\/li>\n<\/ol>\n\n\n\n<p>En cas de litige non r\u00e9solu entre Equy-Cany et le consommateur, ce dernier peut recourir gratuitement au m\u00e9diateur \u00e0 la consommation suivant:<\/p>\n\n\n\n<p>Mediavet&nbsp;<\/p>\n\n\n\n<p>126 chemin de l\u2019abreuvoir &#8211; 38410 Saint Martin d\u2019Uriage<\/p>\n\n\n\n<p><a href=\"https:\/\/mediavet.net\">https:\/\/mediavet.net<\/a><\/p>\n\n\n\n<p>contact@mediavet.net<\/p>\n\n\n\n<p>Conform\u00e9ment \u00e0 l\u2019article L.612-1 du Code de la consommation, le consommateur peut \u00e9galement soumettre son litige sur la plateforme de r\u00e8glement en ligne des litiges de la Commission europ\u00e9enne, accessible \u00e0 l\u2019adresse suivante :<a href=\"https:\/\/ec.europa.eu\/consumers\/odr\/\"> https:\/\/ec.europa.eu\/consumers\/odr\/<\/a>.<\/p>\n\n\n\n<ol start=\"10\" class=\"wp-block-list\">\n<li>Donn\u00e9es personnelles&nbsp;<\/li>\n<\/ol>\n\n\n\n<p>Nous nous engageons \u00e0 prot\u00e9ger vos donn\u00e9es personnelles. Les informations recueillies lors de votre commande seront utilis\u00e9es uniquement pour traiter votre transaction et am\u00e9liorer votre exp\u00e9rience utilisateur. Vous avez le droit d\u2019acc\u00e9der \u00e0 vos donn\u00e9es, de les rectifier ou de demander leur suppression \u00e0 tout moment.<\/p>\n\n\n\n<p>Nous respectons la l\u00e9gislation fran\u00e7aise sur la protection des donn\u00e9es, ces derni\u00e8res ne sont jamais partag\u00e9es sans votre consentement explicite.&nbsp;<\/p>\n\n\n\n<ol start=\"11\" class=\"wp-block-list\">\n<li>Droit applicable et juridiction<\/li>\n<\/ol>\n\n\n\n<p>Ces conditions sont r\u00e9gies par le droit fran\u00e7ais. En cas de litige, la juridiction comp\u00e9tente sera celle de France.&nbsp;<\/p>\n\n\n\n<ol start=\"12\" class=\"wp-block-list\">\n<li>Force majeure&nbsp;<\/li>\n<\/ol>\n\n\n\n<p>Equy-Cany &#8211; Tara Leroux ne sera pas tenu responsable de tout retard ou manquement \u00e0 ses obligations r\u00e9sultant d\u2019\u00e9v\u00e9nements ind\u00e9pendants de sa volont\u00e9. Cela inclut, sans s\u2019y limiter, les catastrophes naturelles, pand\u00e9mies, gr\u00e8ves, coupures d\u2019\u00e9lectricit\u00e9, pannes de r\u00e9seaux de communication ou tout autre \u00e9v\u00e9nement impr\u00e9visible et irr\u00e9sistible emp\u00eachant l\u2019ex\u00e9cution des obligations contractuelles.<br><br><br><br>CGV mis \u00e0 jour le <strong>18 janvier 2025<\/strong><\/p>\n","protected":false},"excerpt":{"rendered":"<p>Entreprise : Equy-Cany &#8211; Tara Leroux SIRET: 938 099 108 00012 SIREN: 938 099 108 Statut juridique: Auto-entrepreneur&nbsp; Adresse: Pont Ar Zall, 29400 Lampaul-Guimiliau, France Contact: equy.cany@gmail.com \/ 0761369546 Equy-Cany &#8211; Tara Leroux propose des bilans comportementaux et s\u00e9ances de suivi (en pr\u00e9sentiel) relatifs \u00e0 l\u2019\u00e9ducation des chevaux et des chiens. Prix: les tarifs de [&hellip;]<\/p>\n","protected":false},"author":1,"featured_media":0,"parent":0,"menu_order":0,"comment_status":"closed","ping_status":"closed","template":"","meta":{"footnotes":""},"class_list":["post-87","page","type-page","status-publish","hentry"],"_links":{"self":[{"href":"https:\/\/www.equy-cany.com\/index.php\/wp-json\/wp\/v2\/pages\/87","targetHints":{"allow":["GET"]}}],"collection":[{"href":"https:\/\/www.equy-cany.com\/index.php\/wp-json\/wp\/v2\/pages"}],"about":[{"href":"https:\/\/www.equy-cany.com\/index.php\/wp-json\/wp\/v2\/types\/page"}],"author":[{"embeddable":true,"href":"https:\/\/www.equy-cany.com\/index.php\/wp-json\/wp\/v2\/users\/1"}],"replies":[{"embeddable":true,"href":"https:\/\/www.equy-cany.com\/index.php\/wp-json\/wp\/v2\/comments?post=87"}],"version-history":[{"count":3,"href":"https:\/\/www.equy-cany.com\/index.php\/wp-json\/wp\/v2\/pages\/87\/revisions"}],"predecessor-version":[{"id":133,"href":"https:\/\/www.equy-cany.com\/index.php\/wp-json\/wp\/v2\/pages\/87\/revisions\/133"}],"wp:attachment":[{"href":"https:\/\/www.equy-cany.com\/index.php\/wp-json\/wp\/v2\/media?parent=87"}],"curies":[{"name":"wp","href":"https:\/\/api.w.org\/{rel}","templated":true}]}}